{"id":5,"date":"2013-01-12T17:13:26","date_gmt":"2013-01-12T16:13:26","guid":{"rendered":"http:\/\/jasoal.com\/wordpress\/?page_id=5"},"modified":"2024-07-08T20:33:13","modified_gmt":"2024-07-08T19:33:13","slug":"quienes-somos","status":"publish","type":"page","link":"https:\/\/jasoal.com\/wordpress\/","title":{"rendered":"Quienes somos"},"content":{"rendered":"<div id=\"cabecera\">\n<h2>&nbsp;<\/h2>\n<p>JASOAL es una iniciativa empresarial que nace en el a\u00f1o 2002, con la finalidad de generar puestos de trabajo de calidad, para j\u00f3venes, en el sector servicios dentro del \u00e1mbito social y&nbsp;educativo.<\/p>\n\n<\/div>\n","protected":false},"excerpt":{"rendered":"<p>&nbsp; JASOAL es una iniciativa empresarial que nace en el a\u00f1o 2002, con la finalidad de generar puestos de trabajo de calidad, para j\u00f3venes, en el sector servicios dentro del \u00e1mbito social y&nbsp;educativo.<\/p>\n","protected":false},"author":1,"featured_media":0,"parent":0,"menu_order":0,"comment_status":"closed","ping_status":"closed","template":"","meta":{"ngg_post_thumbnail":0,"footnotes":""},"_links":{"self":[{"href":"https:\/\/jasoal.com\/wordpress\/wp-json\/wp\/v2\/pages\/5"}],"collection":[{"href":"https:\/\/jasoal.com\/wordpress\/wp-json\/wp\/v2\/pages"}],"about":[{"href":"https:\/\/jasoal.com\/wordpress\/wp-json\/wp\/v2\/types\/page"}],"author":[{"embeddable":true,"href":"https:\/\/jasoal.com\/wordpress\/wp-json\/wp\/v2\/users\/1"}],"replies":[{"embeddable":true,"href":"https:\/\/jasoal.com\/wordpress\/wp-json\/wp\/v2\/comments?post=5"}],"version-history":[{"count":19,"href":"https:\/\/jasoal.com\/wordpress\/wp-json\/wp\/v2\/pages\/5\/revisions"}],"predecessor-version":[{"id":853,"href":"https:\/\/jasoal.com\/wordpress\/wp-json\/wp\/v2\/pages\/5\/revisions\/853"}],"wp:attachment":[{"href":"https:\/\/jasoal.com\/wordpress\/wp-json\/wp\/v2\/media?parent=5"}],"curies":[{"name":"wp","href":"https:\/\/api.w.org\/{rel}","templated":true}]}}