{"id":299,"date":"2018-11-27T19:58:10","date_gmt":"2018-11-27T18:58:10","guid":{"rendered":"http:\/\/jasoal.com\/wordpress\/?page_id=299"},"modified":"2024-01-31T10:39:02","modified_gmt":"2024-01-31T09:39:02","slug":"bolsa-de-trabajo","status":"publish","type":"page","link":"https:\/\/jasoal.com\/wordpress\/bolsa-de-trabajo\/","title":{"rendered":"Bolsa de Trabajo"},"content":{"rendered":"<p>Si has enviado tus datos y documentos como se indica en EMPLEO <a href=\"https:\/\/jasoal.com\/wordpress\/?page_id=140\" target=\"_blank\" rel=\"noopener noreferrer\">https:\/\/jasoal.com\/wordpress\/?page_id=140<\/a> puedes inscribirte en los grupos de Whatsapp de las diferentes bolsas de empleo seg\u00fan sean de tu inter\u00e9s.<\/p>\n<p>En ellos se publican las necesidades de personal, para vacantes, sustituciones, puestos de nueva adjudicaci\u00f3n, etc.<\/p>\n<p>Son grupo de trabajo, y est\u00e1 prohibido realizar comentarios, o intervenir, puesto que se perjudica a los dem\u00e1s usuarios que no pueden ver la publicaci\u00f3n del puesto a cubrir.<\/p>\n<p>Se bloquea a quien no cumpla con la normativa.<\/p>\n<p><img loading=\"lazy\" decoding=\"async\" class=\"alignleft wp-image-306\" src=\"https:\/\/jasoal.com\/wordpress\/wp-content\/uploads\/2018\/11\/logo-whatsapp.png\" alt=\"\" width=\"160\" height=\"160\" srcset=\"https:\/\/jasoal.com\/wordpress\/wp-content\/uploads\/2018\/11\/logo-whatsapp.png 225w, https:\/\/jasoal.com\/wordpress\/wp-content\/uploads\/2018\/11\/logo-whatsapp-150x150.png 150w\" sizes=\"(max-width: 160px) 100vw, 160px\" \/><\/p>\n<p>&nbsp;<\/p>\n<p>&nbsp;<\/p>\n<p>&nbsp;<\/p>\n<p>&nbsp;<\/p>\n<p><strong>Bolsa de trabajo de Aula Matinal<\/strong> : <a href=\"https:\/\/chat.whatsapp.com\/BD0phpsMjBiFMEony0IWwT\">https:\/\/chat.whatsapp.com\/BD0phpsMjBiFMEony0IWwT<\/a><\/p>\n<p><strong>Bolsa de trabajo de Extraescolares<\/strong> : <a href=\"https:\/\/chat.whatsapp.com\/Ghw9xskBikq9ngZ2PfAf0I\">https:\/\/chat.whatsapp.com\/Ghw9xskBikq9ngZ2PfAf0I<\/a><\/p>\n<p><strong>Bolsa de trabajo de Deporte Escolar: <\/strong><a href=\"https:\/\/chat.whatsapp.com\/HDVbILZTN9z9YH2dh3SGLs\">https:\/\/chat.whatsapp.com\/HDVbILZTN9z9YH2dh3SGLs<\/a><\/p>\n<p><strong>Bolsa de trabajo de Acompa\u00f1amiento Escolar:&nbsp;<\/strong><a href=\"https:\/\/chat.whatsapp.com\/IT0W81fhpXM6Lf5uZaZuEb\">https:\/\/chat.whatsapp.com\/IT0W81fhpXM6Lf5uZaZuEb<\/a><\/p>\n<p><strong>Bolsa de trabajo de Granada: <\/strong><a href=\"https:\/\/chat.whatsapp.com\/CoUdQB80vgp8J9liWkffxE\">https:\/\/chat.whatsapp.com\/CoUdQB80vgp8J9liWkffxE<\/a><\/p>\n<p><strong>Bolsa de trabajo de M\u00e1laga:&nbsp;<\/strong><a href=\"https:\/\/chat.whatsapp.com\/I8lnl0iTS9mDw5UIZPtJO1\">https:\/\/chat.whatsapp.com\/I8lnl0iTS9mDw5UIZPtJO1<\/a><\/p>\n<p><strong>Bolsa de trabajo de Campus de Verano<\/strong>:&nbsp; <a href=\"https:\/\/chat.whatsapp.com\/Fw41E50CCC5GvMbXKq7K7H\">https:\/\/chat.whatsapp.com\/Fw41E50CCC5GvMbXKq7K7H<\/a><\/p>\n<p>&nbsp;<\/p>\n<p>&nbsp;<\/p>\n<p>&nbsp;<\/p>\n","protected":false},"excerpt":{"rendered":"<p>Si has enviado tus datos y documentos como se indica en EMPLEO https:\/\/jasoal.com\/wordpress\/?page_id=140 puedes inscribirte en los grupos de Whatsapp de las diferentes bolsas de empleo seg\u00fan sean de tu inter\u00e9s. En ellos se publican las necesidades de personal, para &hellip; <\/p>\n","protected":false},"author":1,"featured_media":0,"parent":0,"menu_order":0,"comment_status":"closed","ping_status":"closed","template":"","meta":{"ngg_post_thumbnail":0,"footnotes":""},"_links":{"self":[{"href":"https:\/\/jasoal.com\/wordpress\/wp-json\/wp\/v2\/pages\/299"}],"collection":[{"href":"https:\/\/jasoal.com\/wordpress\/wp-json\/wp\/v2\/pages"}],"about":[{"href":"https:\/\/jasoal.com\/wordpress\/wp-json\/wp\/v2\/types\/page"}],"author":[{"embeddable":true,"href":"https:\/\/jasoal.com\/wordpress\/wp-json\/wp\/v2\/users\/1"}],"replies":[{"embeddable":true,"href":"https:\/\/jasoal.com\/wordpress\/wp-json\/wp\/v2\/comments?post=299"}],"version-history":[{"count":18,"href":"https:\/\/jasoal.com\/wordpress\/wp-json\/wp\/v2\/pages\/299\/revisions"}],"predecessor-version":[{"id":842,"href":"https:\/\/jasoal.com\/wordpress\/wp-json\/wp\/v2\/pages\/299\/revisions\/842"}],"wp:attachment":[{"href":"https:\/\/jasoal.com\/wordpress\/wp-json\/wp\/v2\/media?parent=299"}],"curies":[{"name":"wp","href":"https:\/\/api.w.org\/{rel}","templated":true}]}}