{"id":190,"date":"2017-11-10T14:12:53","date_gmt":"2017-11-10T13:12:53","guid":{"rendered":"http:\/\/jasoal.com\/wordpress\/?page_id=190"},"modified":"2018-06-26T10:56:56","modified_gmt":"2018-06-26T09:56:56","slug":"actividades-extraescolares","status":"publish","type":"page","link":"https:\/\/jasoal.com\/wordpress\/actividades-extraescolares\/","title":{"rendered":"Extraescolares"},"content":{"rendered":"<p>Servicio regulado por el Decreto 6\/2017, de 16 de enero, de servicios complementarios de los centros docentes p\u00fablicos de la Comunidad Aut\u00f3noma de Andaluc\u00eda.<\/p>\n<p>&nbsp;<\/p>\n<p>Las actividades se desarrollar\u00e1n cada d\u00eda de la semana de lunes a jueves de 16 a 18 horas, teniendo cada una de ellas una hora de duraci\u00f3n, de forma que el c\u00f3mputo semanal de cada actividad extraescolar ser\u00e1 de dos horas semanales.<\/p>\n<p>&nbsp;<\/p>\n<p><span style=\"color: #800000;\"><strong><u>ACTIVIDADES OFERTADAS<\/u><\/strong><\/span><\/p>\n<p>&nbsp;<\/p>\n<ul>\n<li><strong><u>DEPORTIVAS<\/u><\/strong>\n<ul>\n<li>AER\u00d3BIC<\/li>\n<li>ARTES MARCIALES<\/li>\n<li>ATLETISMO<\/li>\n<li>B\u00c1DMINTON<\/li>\n<li>BALONCESTO<\/li>\n<li>BALONMANO<\/li>\n<li>CICLISMO<\/li>\n<li>F\u00daTBOL<\/li>\n<li>F\u00daTBOL &#8211; SALA<\/li>\n<li>GIMNASIA<\/li>\n<li>GIMNASIA R\u00cdTMICA<\/li>\n<li>HOCKEY<\/li>\n<li>INICIACI\u00d3N AL DEPORTE<\/li>\n<li>MULTIDEPORTE<\/li>\n<li>P\u00c1DEL<\/li>\n<li>PATINAJE<\/li>\n<li>TENIS<\/li>\n<li>TENIS DE MESA<\/li>\n<li>VOLEIBOL<\/li>\n<\/ul>\n<\/li>\n<li><strong><u>APOYO EDUCATIVO<\/u><\/strong>\n<ul>\n<li>APOYO DE LENGUA<\/li>\n<li>APOYO DE MATEM\u00c1TICAS<\/li>\n<li>APOYO EN OTRAS \u00c1REAS DE CONOCIMIENTO<\/li>\n<li>IDIOMA ALEM\u00c1N<\/li>\n<li>IDIOMA FRANC\u00c9S<\/li>\n<li>IDIOMA INGL\u00c9S<\/li>\n<li>INFORM\u00c1TICA<\/li>\n<li>LECTURA Y COMPRENSI\u00d3N<\/li>\n<li>PSICOMOTRICIDAD<\/li>\n<\/ul>\n<\/li>\n<li><strong><u>EXPRESI\u00d3N ART\u00cdSTICA\/MUSICAL<\/u><\/strong>\n<ul>\n<li>BAILE\/DANZA<\/li>\n<li>EXPRESI\u00d3N CORPORAL<\/li>\n<li>EXPRESI\u00d3N PL\u00c1STICA<\/li>\n<li>IMAGEN<\/li>\n<li>MANUALIDADES<\/li>\n<li>M\u00daSICA\/CORAL\/VOZ<\/li>\n<li>TEATRO<\/li>\n<\/ul>\n<\/li>\n<li><strong><u>L\u00daDICO SALUDABLES<\/u><\/strong>\n<ul>\n<li>COCINA<\/li>\n<li>JUEGOS<\/li>\n<li>NATURALEZA<\/li>\n<\/ul>\n<\/li>\n<\/ul>\n<p>&nbsp;<\/p>\n<p>&nbsp;<\/p>\n<p><span style=\"color: #000080;\"><strong>Los MONITORES y MONITORAS ser\u00e1n responsables:<\/strong><\/span><\/p>\n<ul>\n<li>De la atenci\u00f3n y coordinaci\u00f3n de los usuarios y usuarias, as\u00ed como del servicio de control de acceso y de correcta utilizaci\u00f3n de las instalaciones educativas, deportivas y recreativas en horario y per\u00edodos en los que se realice la actividad extraescolar.<\/li>\n<li>De las tareas de limpieza necesaria para que el aula o espacio donde se realice la prestaci\u00f3n del servicio mantenga unas condiciones \u00f3ptimas de uso e higiene adecuados.<\/li>\n<li>Tramitar las quejas y sugerencias de los padres o tutores del alumnado.<\/li>\n<li>Tratar de forma respetuosa y correcta al alumnado del servicio.<\/li>\n<li>Facilitar a la direcci\u00f3n del centro las fichas con fotograf\u00edas y datos personales y laborales del personal que desarrollar\u00e1 el servicio en el centro.<\/li>\n<li>De la vigilancia, asistencia y control del alumnado&nbsp; durante la prestaci\u00f3n del servicio p\u00fablico de actividades extraescolares.<\/li>\n<li>Comunicar la no utilizaci\u00f3n del servicio durante cinco d\u00edas consecutivos del alumnado sin causa justificada.<\/li>\n<li>Informar caso de no asistencia continuada o baja definitiva, a la Direcci\u00f3n del centro para que \u00e9sta actualice la autorizaci\u00f3n del alumnado en S\u00e9neca.<\/li>\n<li>No obstruir en las funciones de inspecci\u00f3n, control y supervisi\u00f3n por parte de las Gerencias Provinciales de modo propio o a trav\u00e9s de los responsables de las direcciones de los centros educativos u otro \u00f3rgano externo.<\/li>\n<li>No utilizar los datos de car\u00e1cter personal a los que tenga acceso \u00fanica y exclusivamente para cumplir con sus obligaciones contractuales derivadas de los trabajos prestados.<\/li>\n<li>Observar y adoptar cuantas medidas de seguridad sean necesarias para asegurar la confidencialidad, secreto e integridad de los datos de car\u00e1cter personal a los que tenga acceso.<\/li>\n<li>No ceder en ning\u00fan caso a terceras personas, ajenas a la empresa, los datos de car\u00e1cter personal a los que tenga acceso, ni tan siquiera a efectos de su conservaci\u00f3n.<\/li>\n<li>Actualizar y enviar a diario al Coordinador o Coordinadora las listas de asistencia a la actividad, en el formato que la empresa especifique en cada momento (inicialmente en hoja de c\u00e1lculo), y que en todo momento deber\u00e1n ser fiel reflejo del control de asistencia manual reflejado en papel.<\/li>\n<li>Comunicar inmediatamente al Coordinador o Coordinadora en el momento que la actividad tenga una asistencia inferior a diez alumnos.<\/li>\n<li>Comunicar a la Direcci\u00f3n del Centro y al Coordinador o Coordinadora el alumnado que asisten a la actividad y no se encuentran indicados en la lista de alumnos y alumnas usuarios\/as facilitada por el Centro.<\/li>\n<li>Requerir mensualmente a la Direcci\u00f3n del Centro la lista del alumnado que deben asistir a la actividad.<\/li>\n<\/ul>\n","protected":false},"excerpt":{"rendered":"<p>Servicio regulado por el Decreto 6\/2017, de 16 de enero, de servicios complementarios de los centros docentes p\u00fablicos de la Comunidad Aut\u00f3noma de Andaluc\u00eda. &nbsp; Las actividades se desarrollar\u00e1n cada d\u00eda de la semana de lunes a jueves de 16 &hellip; <\/p>\n","protected":false},"author":1,"featured_media":0,"parent":0,"menu_order":0,"comment_status":"closed","ping_status":"closed","template":"template-full-width.php","meta":{"ngg_post_thumbnail":0,"footnotes":""},"_links":{"self":[{"href":"https:\/\/jasoal.com\/wordpress\/wp-json\/wp\/v2\/pages\/190"}],"collection":[{"href":"https:\/\/jasoal.com\/wordpress\/wp-json\/wp\/v2\/pages"}],"about":[{"href":"https:\/\/jasoal.com\/wordpress\/wp-json\/wp\/v2\/types\/page"}],"author":[{"embeddable":true,"href":"https:\/\/jasoal.com\/wordpress\/wp-json\/wp\/v2\/users\/1"}],"replies":[{"embeddable":true,"href":"https:\/\/jasoal.com\/wordpress\/wp-json\/wp\/v2\/comments?post=190"}],"version-history":[{"count":5,"href":"https:\/\/jasoal.com\/wordpress\/wp-json\/wp\/v2\/pages\/190\/revisions"}],"predecessor-version":[{"id":211,"href":"https:\/\/jasoal.com\/wordpress\/wp-json\/wp\/v2\/pages\/190\/revisions\/211"}],"wp:attachment":[{"href":"https:\/\/jasoal.com\/wordpress\/wp-json\/wp\/v2\/media?parent=190"}],"curies":[{"name":"wp","href":"https:\/\/api.w.org\/{rel}","templated":true}]}}