{"id":178,"date":"2017-11-10T14:05:59","date_gmt":"2017-11-10T13:05:59","guid":{"rendered":"http:\/\/jasoal.com\/wordpress\/?page_id=178"},"modified":"2019-09-20T10:49:07","modified_gmt":"2019-09-20T09:49:07","slug":"c-d-baloncesto-escolar","status":"publish","type":"page","link":"https:\/\/jasoal.com\/wordpress\/c-d-baloncesto-escolar\/","title":{"rendered":"C.D. Baloncesto Escolar"},"content":{"rendered":"<p>Su fundador con m\u00e1s de 25 a\u00f1os de experiencia en la preparaci\u00f3n y promoci\u00f3n de los valores a trav\u00e9s del baloncesto, aplica su experiencia bas\u00e1ndola en <span style=\"color: #000080;\"><strong>cuatro pilares fundamentales<\/strong><\/span> para la ense\u00f1anza deportiva:<\/p>\n<ol>\n<li><span style=\"color: #800000;\"><u>Educaci\u00f3n en valores<\/u><\/span>. Los deportes colectivos ayudan a formar en valores muy importantes en la formaci\u00f3n de ni\u00f1os\/as y j\u00f3venes. Inculcando a los alumnos valores como la tolerancia, la responsabilidad, igualdad, respeto, sacrificio y disciplina.<\/li>\n<li><span style=\"color: #800000;\"><u>Educaci\u00f3n de la inteligencia deportiva y emocional<\/u><\/span>. Trabajar la creatividad, la inteligencia, la motivaci\u00f3n y el esp\u00edritu de superaci\u00f3n, y divertirse tanto en entrenamientos como en las competiciones.<\/li>\n<li><span style=\"color: #800000;\"><u>Educaci\u00f3n motriz<\/u><\/span>. Adecuado siempre a la edad del alumno o alumna, se ense\u00f1an patrones motrices y una formaci\u00f3n f\u00edsica de base, relacionados con la pr\u00e1ctica de coordinaci\u00f3n f\u00edsica, lateralidad, t\u00e9cnica de carrera, y otros.<\/li>\n<li><span style=\"color: #800000;\"><u>Educaci\u00f3n t\u00e9cnico-t\u00e1ctica en baloncesto<\/u><\/span>. Se trata de formar a los alumnos y alumnas en las destrezas b\u00e1sicas deportivas del baloncesto, practicando en las sesiones fundamentos individuales y colectivos<\/li>\n<\/ol>\n<p>En conclusi\u00f3n, los <span style=\"color: #000080;\"><strong>objetivos generales<\/strong><\/span> que nos marcamos son:<\/p>\n<ul>\n<li>Desarrollar la personalidad del alumno o alumna , ayudando a su formaci\u00f3n integral.<\/li>\n<li>Fomentar la cooperaci\u00f3n y la amistad a trav\u00e9s del deporte.<\/li>\n<li>Dar al alumno o alumna la posibilidad de expresarse deportivamente a trav\u00e9s de un juego colectivo, en el que el sentido de compa\u00f1erismo, sacrificio en grupo y disciplina son importantes.<\/li>\n<li>Mejorar las capacidades t\u00e9cnicas, t\u00e1cticas y f\u00edsicas individuales y colectivas de cada alumno o alumna y grupo.<\/li>\n<li>Priorizar siempre lo educativo frente a lo meramente competitivo.<\/li>\n<li>Divertirse haciendo deporte.<\/li>\n<\/ul>\n<p><strong>Realizamos las actividades en diversos centros de la provincia de Almer\u00eda, formando a m\u00e1s de 500 alumnos.<\/strong><\/p>\n<p><img loading=\"lazy\" decoding=\"async\" class=\"size-full wp-image-352 aligncenter\" src=\"https:\/\/jasoal.com\/wordpress\/wp-content\/uploads\/2019\/09\/Centros-y-Horarios-Baloncesto.jpeg\" alt=\"\" width=\"368\" height=\"575\" srcset=\"https:\/\/jasoal.com\/wordpress\/wp-content\/uploads\/2019\/09\/Centros-y-Horarios-Baloncesto.jpeg 368w, https:\/\/jasoal.com\/wordpress\/wp-content\/uploads\/2019\/09\/Centros-y-Horarios-Baloncesto-192x300.jpeg 192w\" sizes=\"(max-width: 368px) 100vw, 368px\" \/><\/p>\n<p><a href=\"http:\/\/escuelas.pmdalmeria.com\/entidad\/cdbaloncesto-escolar\">&nbsp;<img loading=\"lazy\" decoding=\"async\" class=\"aligncenter\" src=\"http:\/\/escuelas.pmdalmeria.com\/sites\/all\/themes\/escuelas\/logo.png\" alt=\"Inicio\" width=\"273\" height=\"168\">http:\/\/escuelas.pmdalmeria.com\/entidad\/cdbaloncesto-escolar<\/a><\/p>\n<p>&nbsp;<\/p>\n","protected":false},"excerpt":{"rendered":"<p>Su fundador con m\u00e1s de 25 a\u00f1os de experiencia en la preparaci\u00f3n y promoci\u00f3n de los valores a trav\u00e9s del baloncesto, aplica su experiencia bas\u00e1ndola en cuatro pilares fundamentales para la ense\u00f1anza deportiva: Educaci\u00f3n en valores. Los deportes colectivos ayudan &hellip; <\/p>\n","protected":false},"author":1,"featured_media":0,"parent":0,"menu_order":0,"comment_status":"closed","ping_status":"closed","template":"template-full-width.php","meta":{"ngg_post_thumbnail":0,"footnotes":""},"_links":{"self":[{"href":"https:\/\/jasoal.com\/wordpress\/wp-json\/wp\/v2\/pages\/178"}],"collection":[{"href":"https:\/\/jasoal.com\/wordpress\/wp-json\/wp\/v2\/pages"}],"about":[{"href":"https:\/\/jasoal.com\/wordpress\/wp-json\/wp\/v2\/types\/page"}],"author":[{"embeddable":true,"href":"https:\/\/jasoal.com\/wordpress\/wp-json\/wp\/v2\/users\/1"}],"replies":[{"embeddable":true,"href":"https:\/\/jasoal.com\/wordpress\/wp-json\/wp\/v2\/comments?post=178"}],"version-history":[{"count":10,"href":"https:\/\/jasoal.com\/wordpress\/wp-json\/wp\/v2\/pages\/178\/revisions"}],"predecessor-version":[{"id":355,"href":"https:\/\/jasoal.com\/wordpress\/wp-json\/wp\/v2\/pages\/178\/revisions\/355"}],"wp:attachment":[{"href":"https:\/\/jasoal.com\/wordpress\/wp-json\/wp\/v2\/media?parent=178"}],"curies":[{"name":"wp","href":"https:\/\/api.w.org\/{rel}","templated":true}]}}