{"id":15,"date":"2013-01-12T17:53:19","date_gmt":"2013-01-12T16:53:19","guid":{"rendered":"http:\/\/jasoal.com\/wordpress\/?page_id=15"},"modified":"2018-06-26T10:56:43","modified_gmt":"2018-06-26T09:56:43","slug":"equipo","status":"publish","type":"page","link":"https:\/\/jasoal.com\/wordpress\/equipo\/","title":{"rendered":"Equipo"},"content":{"rendered":"<div id=\"cabecera\">\n<div>\n<h2>Gerencia<\/h2>\n<p>Su tarea consiste en el seguimiento y control directo del servicio prestado mediante<br \/>\nvisitas a los diferentes centros educativos verificando las actividades realizadas.<\/p>\n<h2>Coordinador\/a de Calidad y Plan de Igualdad<\/h2>\n<p>Lleva a cabo el seguimiento y control del servicio prestado junto con la Gerencia, seg\u00fan los par\u00e1metros de Calidad de la Norma UNE-EN ISO 9001:2000, y el cumplimiento del Plan de Igualdad implantado en la Empresa.<\/p>\n<h2>Coordinadores\/as de Zona<\/h2>\n<p>Su misi\u00f3n es la apoyar al Coordinador de Calidad en su labor de supervisi\u00f3n, organizaci\u00f3n y control del servicio.<\/p>\n<h2>Monitores\/as<\/h2>\n<p>El personal encargado de realizar cada uno de los servicios de forma profesional, siguiendo las normativas dictadas por los coordinadores o coordinadoras de zona, calidad y gerencia.<\/p>\n<\/div>\n<\/div>\n","protected":false},"excerpt":{"rendered":"<p>Gerencia Su tarea consiste en el seguimiento y control directo del servicio prestado mediante visitas a los diferentes centros educativos verificando las actividades realizadas. Coordinador\/a de Calidad y Plan de Igualdad Lleva a cabo el seguimiento y control del servicio &hellip; <\/p>\n","protected":false},"author":1,"featured_media":0,"parent":0,"menu_order":0,"comment_status":"closed","ping_status":"closed","template":"template-full-width.php","meta":{"ngg_post_thumbnail":0,"footnotes":""},"_links":{"self":[{"href":"https:\/\/jasoal.com\/wordpress\/wp-json\/wp\/v2\/pages\/15"}],"collection":[{"href":"https:\/\/jasoal.com\/wordpress\/wp-json\/wp\/v2\/pages"}],"about":[{"href":"https:\/\/jasoal.com\/wordpress\/wp-json\/wp\/v2\/types\/page"}],"author":[{"embeddable":true,"href":"https:\/\/jasoal.com\/wordpress\/wp-json\/wp\/v2\/users\/1"}],"replies":[{"embeddable":true,"href":"https:\/\/jasoal.com\/wordpress\/wp-json\/wp\/v2\/comments?post=15"}],"version-history":[{"count":8,"href":"https:\/\/jasoal.com\/wordpress\/wp-json\/wp\/v2\/pages\/15\/revisions"}],"predecessor-version":[{"id":208,"href":"https:\/\/jasoal.com\/wordpress\/wp-json\/wp\/v2\/pages\/15\/revisions\/208"}],"wp:attachment":[{"href":"https:\/\/jasoal.com\/wordpress\/wp-json\/wp\/v2\/media?parent=15"}],"curies":[{"name":"wp","href":"https:\/\/api.w.org\/{rel}","templated":true}]}}